{"id":22,"date":"2024-12-04T16:12:37","date_gmt":"2024-12-04T15:12:37","guid":{"rendered":"https:\/\/foxechogroup.com\/?page_id=22"},"modified":"2025-11-18T09:33:36","modified_gmt":"2025-11-18T08:33:36","slug":"fox_echo_group","status":"publish","type":"page","link":"https:\/\/foxechogroup.com\/index.php\/fr\/fox_echo_group\/","title":{"rendered":"FOX_ECHO_GROUP"},"content":{"rendered":"\n<p><\/p>\n\n\n\n<h2 class=\"wp-block-heading\"><strong><strong>FoxEcho:<\/strong> L\u2019expertise en robotique et en innovation au service de vos projets<\/strong><\/h2>\n\n\n\n<p>Depuis plus de 15 ans, FoxEcho, le d\u00e9partement robotique et d\u00e9veloppement de DRONE 31, s\u2019impose comme un acteur incontournable dans l\u2019univers des drones et des solutions technologiques innovantes. Bas\u00e9e \u00e0 Toulouse (Muret), notre entreprise a su b\u00e2tir une r\u00e9putation solide gr\u00e2ce \u00e0 son savoir-faire et son esprit pionnier.<br><br><\/p>\n\n\n\n<h2 class=\"wp-block-heading\"><strong>Un parcours visionnaire port\u00e9 par Marc Barbaresco<\/strong><\/h2>\n\n\n\n<p>D\u00e8s les d\u00e9buts du drone civil en France, Marc Barbaresco, fondateur de FoxEcho, s\u2019illustre par ses innovations. Il est \u00e0 l\u2019origine de l\u2019homologation de cinq drones par la DGAC et multiplie les premi\u00e8res mondiales :<\/p>\n\n\n\n<p>\u2022 Cr\u00e9ation du premier syst\u00e8me permettant de filmer en contre-plong\u00e9e la fresque de Chagall \u00e0 l\u2019Op\u00e9ra Garnier \u00e0 Paris.<\/p>\n\n\n\n<p>\u2022 Conception et pilotage des premiers drones utilis\u00e9s pour couvrir le Tour de France cycliste.<\/p>\n\n\n\n<p>\u2022 Collaboration en tant que testeur pour DJI en Chine, apr\u00e8s deux tours du monde o\u00f9 il \u00e9prouve et am\u00e9liore les drones dans des conditions extr\u00eames pour des cha\u00eenes TV internationales.<br><br><\/p>\n\n\n\n<h2 class=\"wp-block-heading\"><strong>Des solutions sur-mesure pour tous vos projets<\/strong><\/h2>\n\n\n\n<p>Aujourd\u2019hui, FoxEcho accompagne et conseille des professionnels dans des secteurs vari\u00e9s pour concr\u00e9tiser des projets n\u00e9cessitant des technologies innovantes autour des drones et de la robotique. Notre expertise inclut :<\/p>\n\n\n\n<p>\u2022 <strong>Captation d\u2019images et de donn\u00e9es \u00e0 distance<\/strong>&nbsp;: analyse et traitement des donn\u00e9es pour des applications sur mesure.<\/p>\n\n\n\n<p>\u2022 <strong>Conception de syst\u00e8mes innovants<\/strong>&nbsp;: alliant performance, durabilit\u00e9 et \u00e9co-responsabilit\u00e9.<br><br><\/p>\n\n\n\n<h2 class=\"wp-block-heading\"><strong>L\u2019innovation au service de l\u2019Humanit\u00e9<\/strong><\/h2>\n\n\n\n<p>FoxEcho se distingue par son engagement en faveur du sauvetage humain et de l\u2019\u00e9co-mobilit\u00e9. Nous sommes fiers de pr\u00e9senter notre dernier syst\u00e8me r\u00e9volutionnaire :<\/p>\n\n\n\n<p><strong>La T\u00e9l\u00e9-Portation Air\/Terre\/Mer<\/strong>, une solution compl\u00e8te qui repousse les limites du temps et de l\u2019espace.<br><br><\/p>\n\n\n\n<h2 class=\"wp-block-heading\"><strong>FoxEcho : L\u2019innovation et la technologie au service de l\u2019Humanit\u00e9.<\/strong><\/h2>\n\n\n\n<p><\/p>\n\n\n\n<p><br><br><\/p>\n\n\n\n<h2 class=\"wp-block-heading\"><strong>Marc Barbaresco<\/strong><\/h2>\n\n\n\n<p><strong>Fondateur et PDG de FoxEcho<\/strong><\/p>\n\n\n\n<p>\u2022 Concepteur et fabricant de drones<\/p>\n\n\n\n<p>\u2022 Expert en technologies a\u00e9riennes<\/p>\n\n\n\n<p>\u2022 Pilote d\u2019h\u00e9licopt\u00e8re<\/p>\n\n\n\n<p>Avec&nbsp;<strong>FoxEcho<\/strong>, transformez vos projets en r\u00e9alisations concr\u00e8tes gr\u00e2ce \u00e0 des solutions innovantes et durables.<\/p>\n","protected":false},"excerpt":{"rendered":"<p>FoxEcho: L\u2019expertise en robotique et en innovation au service de vos projets Depuis plus de 15 ans, FoxEcho, le d\u00e9partement robotique et d\u00e9veloppement de DRONE 31, s\u2019impose comme un acteur&hellip;<a href=\"https:\/\/foxechogroup.com\/index.php\/fr\/fox_echo_group\/\" class=\"more-link\"><span class=\"more-button\">Continue reading<span class=\"screen-reader-text\">FOX_ECHO_GROUP<\/span><\/span><\/a><\/p>\n","protected":false},"author":1,"featured_media":0,"parent":0,"menu_order":0,"comment_status":"closed","ping_status":"closed","template":"","meta":{"footnotes":""},"class_list":["post-22","page","type-page","status-publish","hentry"],"_links":{"self":[{"href":"https:\/\/foxechogroup.com\/index.php\/wp-json\/wp\/v2\/pages\/22","targetHints":{"allow":["GET"]}}],"collection":[{"href":"https:\/\/foxechogroup.com\/index.php\/wp-json\/wp\/v2\/pages"}],"about":[{"href":"https:\/\/foxechogroup.com\/index.php\/wp-json\/wp\/v2\/types\/page"}],"author":[{"embeddable":true,"href":"https:\/\/foxechogroup.com\/index.php\/wp-json\/wp\/v2\/users\/1"}],"replies":[{"embeddable":true,"href":"https:\/\/foxechogroup.com\/index.php\/wp-json\/wp\/v2\/comments?post=22"}],"version-history":[{"count":10,"href":"https:\/\/foxechogroup.com\/index.php\/wp-json\/wp\/v2\/pages\/22\/revisions"}],"predecessor-version":[{"id":238,"href":"https:\/\/foxechogroup.com\/index.php\/wp-json\/wp\/v2\/pages\/22\/revisions\/238"}],"wp:attachment":[{"href":"https:\/\/foxechogroup.com\/index.php\/wp-json\/wp\/v2\/media?parent=22"}],"curies":[{"name":"wp","href":"https:\/\/api.w.org\/{rel}","templated":true}]}}